{"id":478,"date":"2024-08-20T14:24:59","date_gmt":"2024-08-20T12:24:59","guid":{"rendered":"https:\/\/woodcraft-company.com\/?page_id=478"},"modified":"2024-08-20T14:39:20","modified_gmt":"2024-08-20T12:39:20","slug":"van-life-2","status":"publish","type":"page","link":"https:\/\/woodcraft-company.com\/index.php\/van-life-2\/","title":{"rendered":"Van Life"},"content":{"rendered":"\n<p class=\"has-text-align-center\">WoodCraft Company vous facilite la vie lors de vos voyages en vous proposant diverses am\u00e9nagements de v\u00e9hicules en fonction de votre utilisation. Rendant vos v\u00e9hicules plus pratiques et ergonomiques.<\/p>\n\n\n\n<div class=\"wp-block-columns is-layout-flex wp-container-core-columns-is-layout-9d6595d7 wp-block-columns-is-layout-flex\">\n<div class=\"wp-block-column is-layout-flow wp-block-column-is-layout-flow\">\n<figure class=\"wp-block-image size-full\"><img loading=\"lazy\" decoding=\"async\" width=\"768\" height=\"1024\" src=\"https:\/\/woodcraft-company.com\/wp-content\/uploads\/2024\/08\/453626577_805107051813749_1236513243276526425_n.jpg\" alt=\"\" class=\"wp-image-485\" srcset=\"https:\/\/woodcraft-company.com\/wp-content\/uploads\/2024\/08\/453626577_805107051813749_1236513243276526425_n.jpg 768w, https:\/\/woodcraft-company.com\/wp-content\/uploads\/2024\/08\/453626577_805107051813749_1236513243276526425_n-225x300.jpg 225w\" sizes=\"auto, (max-width: 768px) 100vw, 768px\" \/><\/figure>\n<\/div>\n\n\n\n<div class=\"wp-block-column is-layout-flow wp-block-column-is-layout-flow\">\n<figure class=\"wp-block-image size-full\"><img loading=\"lazy\" decoding=\"async\" width=\"768\" height=\"1024\" src=\"https:\/\/woodcraft-company.com\/wp-content\/uploads\/2024\/08\/453593109_805107041813750_6886859809100671564_n.jpg\" alt=\"\" class=\"wp-image-487\" srcset=\"https:\/\/woodcraft-company.com\/wp-content\/uploads\/2024\/08\/453593109_805107041813750_6886859809100671564_n.jpg 768w, https:\/\/woodcraft-company.com\/wp-content\/uploads\/2024\/08\/453593109_805107041813750_6886859809100671564_n-225x300.jpg 225w\" sizes=\"auto, (max-width: 768px) 100vw, 768px\" \/><\/figure>\n<\/div>\n<\/div>\n\n\n\n<p><\/p>\n","protected":false},"excerpt":{"rendered":"<p>WoodCraft Company vous facilite la vie lors de vos voyages en vous proposant diverses am\u00e9nagements de v\u00e9hicules en fonction de votre utilisation. Rendant vos v\u00e9hicules plus pratiques et ergonomiques.<\/p>\n","protected":false},"author":1,"featured_media":0,"parent":0,"menu_order":0,"comment_status":"closed","ping_status":"closed","template":"","meta":{"neve_meta_sidebar":"","neve_meta_container":"","neve_meta_enable_content_width":"","neve_meta_content_width":0,"neve_meta_title_alignment":"","neve_meta_author_avatar":"","neve_post_elements_order":"","neve_meta_disable_header":"","neve_meta_disable_footer":"","neve_meta_disable_title":"","_themeisle_gutenberg_block_has_review":false,"footnotes":""},"class_list":["post-478","page","type-page","status-publish","hentry"],"_links":{"self":[{"href":"https:\/\/woodcraft-company.com\/index.php\/wp-json\/wp\/v2\/pages\/478","targetHints":{"allow":["GET"]}}],"collection":[{"href":"https:\/\/woodcraft-company.com\/index.php\/wp-json\/wp\/v2\/pages"}],"about":[{"href":"https:\/\/woodcraft-company.com\/index.php\/wp-json\/wp\/v2\/types\/page"}],"author":[{"embeddable":true,"href":"https:\/\/woodcraft-company.com\/index.php\/wp-json\/wp\/v2\/users\/1"}],"replies":[{"embeddable":true,"href":"https:\/\/woodcraft-company.com\/index.php\/wp-json\/wp\/v2\/comments?post=478"}],"version-history":[{"count":6,"href":"https:\/\/woodcraft-company.com\/index.php\/wp-json\/wp\/v2\/pages\/478\/revisions"}],"predecessor-version":[{"id":491,"href":"https:\/\/woodcraft-company.com\/index.php\/wp-json\/wp\/v2\/pages\/478\/revisions\/491"}],"wp:attachment":[{"href":"https:\/\/woodcraft-company.com\/index.php\/wp-json\/wp\/v2\/media?parent=478"}],"curies":[{"name":"wp","href":"https:\/\/api.w.org\/{rel}","templated":true}]}}