{"id":384,"date":"2024-04-16T20:21:21","date_gmt":"2024-04-16T18:21:21","guid":{"rendered":"https:\/\/woodcraft-company.com\/?page_id=384"},"modified":"2024-08-19T15:12:26","modified_gmt":"2024-08-19T13:12:26","slug":"ossature-bois","status":"publish","type":"page","link":"https:\/\/woodcraft-company.com\/index.php\/ossature-bois\/","title":{"rendered":"Ossature Bois"},"content":{"rendered":"\n<div class=\"wp-block-columns is-layout-flex wp-container-core-columns-is-layout-9d6595d7 wp-block-columns-is-layout-flex\">\n<div class=\"wp-block-column is-layout-flow wp-block-column-is-layout-flow\">\n<p class=\"has-text-align-center\">Nous gardons aussi les pieds sur terre et r\u00e9alisons plusieurs types d&rsquo;ossatures bois pour am\u00e9nager au mieux vos espaces.<\/p>\n\n\n\n<div style=\"height:45px\" aria-hidden=\"true\" class=\"wp-block-spacer\"><\/div>\n\n\n\n<div class=\"wp-block-columns is-layout-flex wp-container-core-columns-is-layout-9d6595d7 wp-block-columns-is-layout-flex\">\n<div class=\"wp-block-column is-layout-flow wp-block-column-is-layout-flow\" style=\"flex-basis:33.33%\">\n<h2 class=\"wp-block-heading has-text-align-center\">Des TinyHouses<\/h2>\n\n\n\n<p class=\"has-text-align-center\">Petites maisons en bois fixes ou mobiles, nous agen\u00e7ons vos projets sur mesure.<\/p>\n\n\n\n<div style=\"height:32px\" aria-hidden=\"true\" class=\"wp-block-spacer\"><\/div>\n\n\n<div class=\"wp-block-image\">\n<figure class=\"alignleft size-full is-resized\"><a href=\"https:\/\/www.facebook.com\/profile.php?id=61558869515306&amp;sk=photos&amp;locale=fr_FR\"><img loading=\"lazy\" decoding=\"async\" width=\"886\" height=\"886\" src=\"https:\/\/woodcraft-company.com\/wp-content\/uploads\/2024\/08\/Lustin-1.png\" alt=\"\" class=\"wp-image-437\" style=\"width:94px;height:auto\" srcset=\"https:\/\/woodcraft-company.com\/wp-content\/uploads\/2024\/08\/Lustin-1.png 886w, https:\/\/woodcraft-company.com\/wp-content\/uploads\/2024\/08\/Lustin-1-300x300.png 300w, https:\/\/woodcraft-company.com\/wp-content\/uploads\/2024\/08\/Lustin-1-150x150.png 150w, https:\/\/woodcraft-company.com\/wp-content\/uploads\/2024\/08\/Lustin-1-768x768.png 768w\" sizes=\"auto, (max-width: 886px) 100vw, 886px\" \/><\/a><\/figure>\n<\/div>\n\n\n<p class=\"has-text-align-center\">D\u00e9couvrez en plus sur l&rsquo;Opaline !<\/p>\n<\/div>\n\n\n\n<div class=\"wp-block-column is-layout-flow wp-block-column-is-layout-flow\" style=\"flex-basis:66.66%\">\n<figure class=\"wp-block-image size-large\"><img loading=\"lazy\" decoding=\"async\" width=\"1024\" height=\"682\" src=\"https:\/\/woodcraft-company.com\/wp-content\/uploads\/2024\/08\/Lustin1-1024x682.jpg\" alt=\"\" class=\"wp-image-424\" srcset=\"https:\/\/woodcraft-company.com\/wp-content\/uploads\/2024\/08\/Lustin1-1024x682.jpg 1024w, https:\/\/woodcraft-company.com\/wp-content\/uploads\/2024\/08\/Lustin1-300x200.jpg 300w, https:\/\/woodcraft-company.com\/wp-content\/uploads\/2024\/08\/Lustin1-768x512.jpg 768w, https:\/\/woodcraft-company.com\/wp-content\/uploads\/2024\/08\/Lustin1-360x240.jpg 360w, https:\/\/woodcraft-company.com\/wp-content\/uploads\/2024\/08\/Lustin1.jpg 1360w\" sizes=\"auto, (max-width: 1024px) 100vw, 1024px\" \/><\/figure>\n<\/div>\n<\/div>\n\n\n\n<div class=\"wp-block-columns is-layout-flex wp-container-core-columns-is-layout-9d6595d7 wp-block-columns-is-layout-flex\">\n<div class=\"wp-block-column is-layout-flow wp-block-column-is-layout-flow\" style=\"flex-basis:66.66%\">\n<figure class=\"wp-block-image size-large\"><img loading=\"lazy\" decoding=\"async\" width=\"1024\" height=\"676\" src=\"https:\/\/woodcraft-company.com\/wp-content\/uploads\/2024\/04\/veranda-site-1024x676.jpg\" alt=\"\" class=\"wp-image-391\" srcset=\"https:\/\/woodcraft-company.com\/wp-content\/uploads\/2024\/04\/veranda-site-1024x676.jpg 1024w, https:\/\/woodcraft-company.com\/wp-content\/uploads\/2024\/04\/veranda-site-300x198.jpg 300w, https:\/\/woodcraft-company.com\/wp-content\/uploads\/2024\/04\/veranda-site-768x507.jpg 768w, https:\/\/woodcraft-company.com\/wp-content\/uploads\/2024\/04\/veranda-site.jpg 1468w\" sizes=\"auto, (max-width: 1024px) 100vw, 1024px\" \/><\/figure>\n<\/div>\n\n\n\n<div class=\"wp-block-column is-layout-flow wp-block-column-is-layout-flow\" style=\"flex-basis:33.33%\">\n<h2 class=\"wp-block-heading has-text-align-center\">Des V\u00e9randas<\/h2>\n\n\n\n<p class=\"has-text-align-center\">Lieux de vie, de loisirs ou espaces de travail, nous r\u00e9alisons vos projets de v\u00e9randas\/ pergolas en bois massif.<\/p>\n<\/div>\n<\/div>\n\n\n\n<div class=\"wp-block-columns is-layout-flex wp-container-core-columns-is-layout-9d6595d7 wp-block-columns-is-layout-flex\">\n<div class=\"wp-block-column is-layout-flow wp-block-column-is-layout-flow\" style=\"flex-basis:33.33%\">\n<h2 class=\"wp-block-heading has-text-align-center\">Des Lagunages<\/h2>\n\n\n\n<p class=\"has-text-align-center\">Il n&rsquo;est plus apaisant que le bruit de l&rsquo;eau au bord d&rsquo;une terrasse.<\/p>\n\n\n\n<p class=\"has-text-align-center\">Nous vous accompagnons dans la conception et l&rsquo;am\u00e9nagement de diverses structures d&rsquo;ext\u00e9rieur.<\/p>\n<\/div>\n\n\n\n<div class=\"wp-block-column is-layout-flow wp-block-column-is-layout-flow\" style=\"flex-basis:66.66%\">\n<figure class=\"wp-block-image size-large\"><img loading=\"lazy\" decoding=\"async\" width=\"1024\" height=\"676\" src=\"https:\/\/woodcraft-company.com\/wp-content\/uploads\/2024\/04\/lagunages-1024x676.jpg\" alt=\"\" class=\"wp-image-396\" srcset=\"https:\/\/woodcraft-company.com\/wp-content\/uploads\/2024\/04\/lagunages-1024x676.jpg 1024w, https:\/\/woodcraft-company.com\/wp-content\/uploads\/2024\/04\/lagunages-300x198.jpg 300w, https:\/\/woodcraft-company.com\/wp-content\/uploads\/2024\/04\/lagunages-768x507.jpg 768w, https:\/\/woodcraft-company.com\/wp-content\/uploads\/2024\/04\/lagunages.jpg 1468w\" sizes=\"auto, (max-width: 1024px) 100vw, 1024px\" \/><\/figure>\n<\/div>\n<\/div>\n\n\n\n<div class=\"wp-block-columns is-layout-flex wp-container-core-columns-is-layout-9d6595d7 wp-block-columns-is-layout-flex\">\n<div class=\"wp-block-column is-layout-flow wp-block-column-is-layout-flow\" style=\"flex-basis:66.66%\">\n<figure class=\"wp-block-image size-large\"><img loading=\"lazy\" decoding=\"async\" width=\"1024\" height=\"676\" src=\"https:\/\/woodcraft-company.com\/wp-content\/uploads\/2024\/04\/charpente-1024x676.jpg\" alt=\"\" class=\"wp-image-399\" srcset=\"https:\/\/woodcraft-company.com\/wp-content\/uploads\/2024\/04\/charpente-1024x676.jpg 1024w, https:\/\/woodcraft-company.com\/wp-content\/uploads\/2024\/04\/charpente-300x198.jpg 300w, https:\/\/woodcraft-company.com\/wp-content\/uploads\/2024\/04\/charpente-768x507.jpg 768w, https:\/\/woodcraft-company.com\/wp-content\/uploads\/2024\/04\/charpente.jpg 1468w\" sizes=\"auto, (max-width: 1024px) 100vw, 1024px\" \/><\/figure>\n<\/div>\n\n\n\n<div class=\"wp-block-column is-layout-flow wp-block-column-is-layout-flow\" style=\"flex-basis:33.33%\">\n<h2 class=\"wp-block-heading has-text-align-center\">Des Charpentes<\/h2>\n\n\n\n<p class=\"has-text-align-center\">Avec un toit c&rsquo;est toujours mieux !<\/p>\n\n\n\n<p class=\"has-text-align-center\">Woodcraft Company vous permet de dormir sur vos deux oreilles en r\u00e9alisant des structures robustes avec des bois de qualit\u00e9 optimale.<\/p>\n<\/div>\n<\/div>\n<\/div>\n<\/div>\n\n\n\n<div class=\"wp-block-columns is-layout-flex wp-container-core-columns-is-layout-9d6595d7 wp-block-columns-is-layout-flex\">\n<div class=\"wp-block-column is-layout-flow wp-block-column-is-layout-flow\"><\/div>\n<\/div>\n","protected":false},"excerpt":{"rendered":"<p>Nous gardons aussi les pieds sur terre et r\u00e9alisons plusieurs types d&rsquo;ossatures bois pour am\u00e9nager au mieux vos espaces. Des TinyHouses Petites maisons en bois fixes ou mobiles, nous agen\u00e7ons vos projets sur mesure. D\u00e9couvrez en plus sur l&rsquo;Opaline ! Des V\u00e9randas Lieux de vie, de loisirs ou espaces de travail, nous r\u00e9alisons vos projets&hellip;&nbsp;<\/p>\n","protected":false},"author":1,"featured_media":0,"parent":0,"menu_order":0,"comment_status":"closed","ping_status":"closed","template":"","meta":{"neve_meta_sidebar":"","neve_meta_container":"","neve_meta_enable_content_width":"","neve_meta_content_width":0,"neve_meta_title_alignment":"","neve_meta_author_avatar":"","neve_post_elements_order":"","neve_meta_disable_header":"","neve_meta_disable_footer":"","neve_meta_disable_title":"","_themeisle_gutenberg_block_has_review":false,"footnotes":""},"class_list":["post-384","page","type-page","status-publish","hentry"],"_links":{"self":[{"href":"https:\/\/woodcraft-company.com\/index.php\/wp-json\/wp\/v2\/pages\/384","targetHints":{"allow":["GET"]}}],"collection":[{"href":"https:\/\/woodcraft-company.com\/index.php\/wp-json\/wp\/v2\/pages"}],"about":[{"href":"https:\/\/woodcraft-company.com\/index.php\/wp-json\/wp\/v2\/types\/page"}],"author":[{"embeddable":true,"href":"https:\/\/woodcraft-company.com\/index.php\/wp-json\/wp\/v2\/users\/1"}],"replies":[{"embeddable":true,"href":"https:\/\/woodcraft-company.com\/index.php\/wp-json\/wp\/v2\/comments?post=384"}],"version-history":[{"count":32,"href":"https:\/\/woodcraft-company.com\/index.php\/wp-json\/wp\/v2\/pages\/384\/revisions"}],"predecessor-version":[{"id":465,"href":"https:\/\/woodcraft-company.com\/index.php\/wp-json\/wp\/v2\/pages\/384\/revisions\/465"}],"wp:attachment":[{"href":"https:\/\/woodcraft-company.com\/index.php\/wp-json\/wp\/v2\/media?parent=384"}],"curies":[{"name":"wp","href":"https:\/\/api.w.org\/{rel}","templated":true}]}}