{"id":244,"date":"2023-08-12T17:47:36","date_gmt":"2023-08-12T15:47:36","guid":{"rendered":"https:\/\/woodcraft-company.com\/?page_id=244"},"modified":"2026-04-01T20:54:37","modified_gmt":"2026-04-01T18:54:37","slug":"menuiserie-generale","status":"publish","type":"page","link":"https:\/\/woodcraft-company.com\/index.php\/menuiserie-generale\/","title":{"rendered":""},"content":{"rendered":"<div class=\"wp-block-image animated slideInLeft\">\n<figure class=\"aligncenter size-large is-resized\"><img loading=\"lazy\" decoding=\"async\" width=\"1024\" height=\"326\" src=\"https:\/\/woodcraft-company.com\/wp-content\/uploads\/2026\/03\/LA-deniserie-fond-noir-SITE-1024x326.png\" alt=\"\" class=\"wp-image-578\" style=\"aspect-ratio:3.141203121067204;width:1078px;height:auto\" srcset=\"https:\/\/woodcraft-company.com\/wp-content\/uploads\/2026\/03\/LA-deniserie-fond-noir-SITE-1024x326.png 1024w, https:\/\/woodcraft-company.com\/wp-content\/uploads\/2026\/03\/LA-deniserie-fond-noir-SITE-300x96.png 300w, https:\/\/woodcraft-company.com\/wp-content\/uploads\/2026\/03\/LA-deniserie-fond-noir-SITE-768x245.png 768w, https:\/\/woodcraft-company.com\/wp-content\/uploads\/2026\/03\/LA-deniserie-fond-noir-SITE-1536x489.png 1536w, https:\/\/woodcraft-company.com\/wp-content\/uploads\/2026\/03\/LA-deniserie-fond-noir-SITE-2048x653.png 2048w\" sizes=\"auto, (max-width: 1024px) 100vw, 1024px\" \/><\/figure>\n<\/div>\n\n\n<p><\/p>\n\n\n\n<p class=\"has-text-align-center animated fadeInDown delay-1s\">L\u00e0 o\u00f9 vos envies rencontrent l&rsquo;artisanat de qualit\u00e9, des bois de premiers choix et un savoir faire unique.<\/p>\n\n\n\n<p class=\"has-text-align-center animated fadeInDown delay-2s\">La Deniserie allie \u00e9l\u00e9gance, pr\u00e9cision, robustesse, de la r\u00e9flexion \u00e0 la r\u00e9alisation de vos projets. <\/p>\n\n\n\n<p class=\"has-text-align-center animated fadeInDown delay-3s\">Nous travaillons avec transparence afin de r\u00e9pondre au mieux \u00e0 vos attentes et vos besoins. <\/p>\n\n\n\n<div class=\"wp-block-columns is-layout-flex wp-container-core-columns-is-layout-9d6595d7 wp-block-columns-is-layout-flex\">\n<div class=\"wp-block-column animated fadeIn delay-1s is-layout-flow wp-block-column-is-layout-flow\">\n<div class=\"wp-block-columns is-layout-flex wp-container-core-columns-is-layout-9d6595d7 wp-block-columns-is-layout-flex\">\n<div class=\"wp-block-column is-layout-flow wp-block-column-is-layout-flow\"><div class=\"wp-block-image animated fadeIn delay-4s slower\">\n<figure class=\"aligncenter size-large is-resized has-custom-border\"><img loading=\"lazy\" decoding=\"async\" width=\"1024\" height=\"682\" src=\"https:\/\/woodcraft-company.com\/wp-content\/uploads\/2024\/08\/Meubles-1024x682.jpg\" alt=\"\" class=\"wp-image-461\" style=\"border-top-left-radius:25px;border-top-right-radius:25px;border-bottom-left-radius:25px;border-bottom-right-radius:25px;width:900px\" srcset=\"https:\/\/woodcraft-company.com\/wp-content\/uploads\/2024\/08\/Meubles-1024x682.jpg 1024w, https:\/\/woodcraft-company.com\/wp-content\/uploads\/2024\/08\/Meubles-300x200.jpg 300w, https:\/\/woodcraft-company.com\/wp-content\/uploads\/2024\/08\/Meubles-768x512.jpg 768w, https:\/\/woodcraft-company.com\/wp-content\/uploads\/2024\/08\/Meubles-360x240.jpg 360w, https:\/\/woodcraft-company.com\/wp-content\/uploads\/2024\/08\/Meubles.jpg 1360w\" sizes=\"auto, (max-width: 1024px) 100vw, 1024px\" \/><\/figure>\n<\/div><\/div>\n<\/div>\n<\/div>\n<\/div>\n\n\n\n<div class=\"wp-block-columns is-layout-flex wp-container-core-columns-is-layout-9d6595d7 wp-block-columns-is-layout-flex\">\n<div class=\"wp-block-column is-layout-flow wp-block-column-is-layout-flow\"><div class=\"wp-block-image animated fadeIn o-anim-custom-delay slower undefined o-anim-value-delay-1s\">\n<figure class=\"aligncenter size-large is-resized has-custom-border\"><img loading=\"lazy\" decoding=\"async\" width=\"1024\" height=\"676\" src=\"https:\/\/woodcraft-company.com\/wp-content\/uploads\/2024\/04\/lagunages-1024x676.jpg\" alt=\"\" class=\"wp-image-396\" style=\"border-top-left-radius:25px;border-top-right-radius:25px;border-bottom-left-radius:25px;border-bottom-right-radius:25px;aspect-ratio:1.51482638684195;object-fit:cover;width:900px\" srcset=\"https:\/\/woodcraft-company.com\/wp-content\/uploads\/2024\/04\/lagunages-1024x676.jpg 1024w, https:\/\/woodcraft-company.com\/wp-content\/uploads\/2024\/04\/lagunages-300x198.jpg 300w, https:\/\/woodcraft-company.com\/wp-content\/uploads\/2024\/04\/lagunages-768x507.jpg 768w, https:\/\/woodcraft-company.com\/wp-content\/uploads\/2024\/04\/lagunages.jpg 1468w\" sizes=\"auto, (max-width: 1024px) 100vw, 1024px\" \/><\/figure>\n<\/div><\/div>\n<\/div>\n\n\n\n<div class=\"wp-block-columns is-layout-flex wp-container-core-columns-is-layout-9d6595d7 wp-block-columns-is-layout-flex\">\n<div class=\"wp-block-column is-layout-flow wp-block-column-is-layout-flow\"><div class=\"wp-block-image animated fadeIn delay-1s slower\">\n<figure class=\"aligncenter size-large is-resized has-custom-border\"><img loading=\"lazy\" decoding=\"async\" width=\"1024\" height=\"676\" src=\"https:\/\/woodcraft-company.com\/wp-content\/uploads\/2024\/04\/veranda-site-1024x676.jpg\" alt=\"\" class=\"wp-image-391\" style=\"border-top-left-radius:25px;border-top-right-radius:25px;border-bottom-left-radius:25px;border-bottom-right-radius:25px;width:900px\" srcset=\"https:\/\/woodcraft-company.com\/wp-content\/uploads\/2024\/04\/veranda-site-1024x676.jpg 1024w, https:\/\/woodcraft-company.com\/wp-content\/uploads\/2024\/04\/veranda-site-300x198.jpg 300w, https:\/\/woodcraft-company.com\/wp-content\/uploads\/2024\/04\/veranda-site-768x507.jpg 768w, https:\/\/woodcraft-company.com\/wp-content\/uploads\/2024\/04\/veranda-site.jpg 1468w\" sizes=\"auto, (max-width: 1024px) 100vw, 1024px\" \/><\/figure>\n<\/div><\/div>\n<\/div>\n\n\n\n<div class=\"wp-block-columns is-layout-flex wp-container-core-columns-is-layout-9d6595d7 wp-block-columns-is-layout-flex\">\n<div class=\"wp-block-column is-layout-flow wp-block-column-is-layout-flow\"><div class=\"wp-block-image animated fadeIn delay-1s slower\">\n<figure class=\"aligncenter size-large is-resized has-custom-border\"><img loading=\"lazy\" decoding=\"async\" width=\"1024\" height=\"576\" src=\"https:\/\/woodcraft-company.com\/wp-content\/uploads\/2025\/01\/462565409_3991400201142887_684790583760900854_n-1024x576.jpg\" alt=\"\" class=\"wp-image-501\" style=\"border-top-left-radius:25px;border-top-right-radius:25px;border-bottom-left-radius:25px;border-bottom-right-radius:25px;width:900px\" srcset=\"https:\/\/woodcraft-company.com\/wp-content\/uploads\/2025\/01\/462565409_3991400201142887_684790583760900854_n-1024x576.jpg 1024w, https:\/\/woodcraft-company.com\/wp-content\/uploads\/2025\/01\/462565409_3991400201142887_684790583760900854_n-300x169.jpg 300w, https:\/\/woodcraft-company.com\/wp-content\/uploads\/2025\/01\/462565409_3991400201142887_684790583760900854_n-768x432.jpg 768w, https:\/\/woodcraft-company.com\/wp-content\/uploads\/2025\/01\/462565409_3991400201142887_684790583760900854_n-1536x864.jpg 1536w, https:\/\/woodcraft-company.com\/wp-content\/uploads\/2025\/01\/462565409_3991400201142887_684790583760900854_n.jpg 2040w\" sizes=\"auto, (max-width: 1024px) 100vw, 1024px\" \/><\/figure>\n<\/div><\/div>\n<\/div>\n\n\n\n<div class=\"wp-block-columns is-layout-flex wp-container-core-columns-is-layout-9d6595d7 wp-block-columns-is-layout-flex\">\n<div class=\"wp-block-column is-layout-flow wp-block-column-is-layout-flow\"><div class=\"wp-block-image animated fadeIn delay-1s slower\">\n<figure class=\"aligncenter size-large is-resized has-custom-border\"><img loading=\"lazy\" decoding=\"async\" width=\"1024\" height=\"682\" src=\"https:\/\/woodcraft-company.com\/wp-content\/uploads\/2024\/08\/pharma-1024x682.jpg\" alt=\"\" class=\"wp-image-469\" style=\"border-top-left-radius:25px;border-top-right-radius:25px;border-bottom-left-radius:25px;border-bottom-right-radius:25px;width:900px\" srcset=\"https:\/\/woodcraft-company.com\/wp-content\/uploads\/2024\/08\/pharma-1024x682.jpg 1024w, https:\/\/woodcraft-company.com\/wp-content\/uploads\/2024\/08\/pharma-300x200.jpg 300w, https:\/\/woodcraft-company.com\/wp-content\/uploads\/2024\/08\/pharma-768x512.jpg 768w, https:\/\/woodcraft-company.com\/wp-content\/uploads\/2024\/08\/pharma-360x240.jpg 360w, https:\/\/woodcraft-company.com\/wp-content\/uploads\/2024\/08\/pharma.jpg 1360w\" sizes=\"auto, (max-width: 1024px) 100vw, 1024px\" \/><\/figure>\n<\/div><\/div>\n<\/div>\n","protected":false},"excerpt":{"rendered":"<p>L\u00e0 o\u00f9 vos envies rencontrent l&rsquo;artisanat de qualit\u00e9, des bois de premiers choix et un savoir faire unique. La Deniserie allie \u00e9l\u00e9gance, pr\u00e9cision, robustesse, de la r\u00e9flexion \u00e0 la r\u00e9alisation de vos projets. Nous travaillons avec transparence afin de r\u00e9pondre au mieux \u00e0 vos attentes et vos besoins.<\/p>\n","protected":false},"author":1,"featured_media":0,"parent":0,"menu_order":0,"comment_status":"closed","ping_status":"closed","template":"","meta":{"neve_meta_sidebar":"","neve_meta_container":"","neve_meta_enable_content_width":"","neve_meta_content_width":0,"neve_meta_title_alignment":"","neve_meta_author_avatar":"","neve_post_elements_order":"","neve_meta_disable_header":"","neve_meta_disable_footer":"","neve_meta_disable_title":"","_themeisle_gutenberg_block_has_review":false,"footnotes":""},"class_list":["post-244","page","type-page","status-publish","hentry"],"_links":{"self":[{"href":"https:\/\/woodcraft-company.com\/index.php\/wp-json\/wp\/v2\/pages\/244","targetHints":{"allow":["GET"]}}],"collection":[{"href":"https:\/\/woodcraft-company.com\/index.php\/wp-json\/wp\/v2\/pages"}],"about":[{"href":"https:\/\/woodcraft-company.com\/index.php\/wp-json\/wp\/v2\/types\/page"}],"author":[{"embeddable":true,"href":"https:\/\/woodcraft-company.com\/index.php\/wp-json\/wp\/v2\/users\/1"}],"replies":[{"embeddable":true,"href":"https:\/\/woodcraft-company.com\/index.php\/wp-json\/wp\/v2\/comments?post=244"}],"version-history":[{"count":41,"href":"https:\/\/woodcraft-company.com\/index.php\/wp-json\/wp\/v2\/pages\/244\/revisions"}],"predecessor-version":[{"id":839,"href":"https:\/\/woodcraft-company.com\/index.php\/wp-json\/wp\/v2\/pages\/244\/revisions\/839"}],"wp:attachment":[{"href":"https:\/\/woodcraft-company.com\/index.php\/wp-json\/wp\/v2\/media?parent=244"}],"curies":[{"name":"wp","href":"https:\/\/api.w.org\/{rel}","templated":true}]}}