{"id":233,"date":"2023-08-12T17:37:41","date_gmt":"2023-08-12T15:37:41","guid":{"rendered":"https:\/\/woodcraft-company.com\/?page_id=233"},"modified":"2026-04-01T20:59:25","modified_gmt":"2026-04-01T18:59:25","slug":"dans-les-arbres","status":"publish","type":"page","link":"https:\/\/woodcraft-company.com\/index.php\/dans-les-arbres\/","title":{"rendered":""},"content":{"rendered":"<div class=\"wp-block-image animated slideInLeft\">\n<figure class=\"aligncenter size-large is-resized\"><img loading=\"lazy\" decoding=\"async\" width=\"1024\" height=\"144\" src=\"https:\/\/woodcraft-company.com\/wp-content\/uploads\/2026\/03\/logo-atmosphere-fond-noir-SITE-1024x144.png\" alt=\"\" class=\"wp-image-577\" style=\"width:1170px;height:auto\" srcset=\"https:\/\/woodcraft-company.com\/wp-content\/uploads\/2026\/03\/logo-atmosphere-fond-noir-SITE-1024x144.png 1024w, https:\/\/woodcraft-company.com\/wp-content\/uploads\/2026\/03\/logo-atmosphere-fond-noir-SITE-300x42.png 300w, https:\/\/woodcraft-company.com\/wp-content\/uploads\/2026\/03\/logo-atmosphere-fond-noir-SITE-768x108.png 768w, https:\/\/woodcraft-company.com\/wp-content\/uploads\/2026\/03\/logo-atmosphere-fond-noir-SITE-1536x215.png 1536w, https:\/\/woodcraft-company.com\/wp-content\/uploads\/2026\/03\/logo-atmosphere-fond-noir-SITE-2048x287.png 2048w\" sizes=\"auto, (max-width: 1024px) 100vw, 1024px\" \/><\/figure>\n<\/div>\n\n\n<p><\/p>\n\n\n\n<p class=\"has-text-align-center animated fadeInDown delay-1s has-medium-font-size\">La menuiserie exploratoire est une philosophie en marge du standardis\u00e9. <\/p>\n\n\n\n<p class=\"has-text-align-center animated fadeInDown delay-2s has-medium-font-size\">La combinaison du savoir faire, de l&rsquo;exp\u00e9rimentation et  un savant m\u00e9lange d&rsquo;audace et de curiosit\u00e9, l&rsquo;art du prototype permanent et l&rsquo;absence de limites.<\/p>\n\n\n\n<p class=\"has-text-align-center animated fadeInDown delay-3s has-medium-font-size\">Des solutions hors cadre \u00e0 des probl\u00e9matiques sp\u00e9cifiques, une approche in\u00e9dite de la cr\u00e9ation du bois.<\/p>\n\n\n\n<div style=\"height:0px\" aria-hidden=\"true\" class=\"wp-block-spacer\"><\/div>\n\n\n\n<div class=\"wp-block-columns is-layout-flex wp-container-core-columns-is-layout-9d6595d7 wp-block-columns-is-layout-flex\">\n<div class=\"wp-block-column is-layout-flow wp-block-column-is-layout-flow\">\n<figure class=\"wp-block-gallery has-nested-images columns-default is-cropped wp-block-gallery-1 is-layout-flex wp-block-gallery-is-layout-flex\">\n<figure class=\"wp-block-image size-large has-custom-border animated fadeIn delay-4s slower\"><img loading=\"lazy\" decoding=\"async\" width=\"768\" height=\"1024\" data-id=\"198\" src=\"https:\/\/woodcraft-company.com\/wp-content\/uploads\/2023\/08\/363894510_219752947728194_1233915118963281906_n-768x1024.jpg\" alt=\"\" class=\"wp-image-198\" style=\"border-top-left-radius:25px;border-top-right-radius:25px;border-bottom-left-radius:25px;border-bottom-right-radius:25px\" srcset=\"https:\/\/woodcraft-company.com\/wp-content\/uploads\/2023\/08\/363894510_219752947728194_1233915118963281906_n-768x1024.jpg 768w, https:\/\/woodcraft-company.com\/wp-content\/uploads\/2023\/08\/363894510_219752947728194_1233915118963281906_n-225x300.jpg 225w, https:\/\/woodcraft-company.com\/wp-content\/uploads\/2023\/08\/363894510_219752947728194_1233915118963281906_n-1152x1536.jpg 1152w, https:\/\/woodcraft-company.com\/wp-content\/uploads\/2023\/08\/363894510_219752947728194_1233915118963281906_n.jpg 1536w\" sizes=\"auto, (max-width: 768px) 100vw, 768px\" \/><\/figure>\n<\/figure>\n<\/div>\n\n\n\n<div class=\"wp-block-column is-layout-flow wp-block-column-is-layout-flow\">\n<figure class=\"wp-block-gallery has-nested-images columns-default is-cropped wp-block-gallery-2 is-layout-flex wp-block-gallery-is-layout-flex\">\n<figure class=\"wp-block-image size-large has-custom-border animated fadeIn delay-4s slower\"><img loading=\"lazy\" decoding=\"async\" width=\"768\" height=\"1024\" data-id=\"199\" src=\"https:\/\/woodcraft-company.com\/wp-content\/uploads\/2023\/08\/363508636_1674533396358192_2835997104930047810_n-768x1024.jpg\" alt=\"\" class=\"wp-image-199\" style=\"border-top-left-radius:25px;border-top-right-radius:25px;border-bottom-left-radius:25px;border-bottom-right-radius:25px\" srcset=\"https:\/\/woodcraft-company.com\/wp-content\/uploads\/2023\/08\/363508636_1674533396358192_2835997104930047810_n-768x1024.jpg 768w, https:\/\/woodcraft-company.com\/wp-content\/uploads\/2023\/08\/363508636_1674533396358192_2835997104930047810_n-225x300.jpg 225w, https:\/\/woodcraft-company.com\/wp-content\/uploads\/2023\/08\/363508636_1674533396358192_2835997104930047810_n-1152x1536.jpg 1152w, https:\/\/woodcraft-company.com\/wp-content\/uploads\/2023\/08\/363508636_1674533396358192_2835997104930047810_n.jpg 1536w\" sizes=\"auto, (max-width: 768px) 100vw, 768px\" \/><\/figure>\n<\/figure>\n<\/div>\n\n\n\n<div class=\"wp-block-column is-layout-flow wp-block-column-is-layout-flow\">\n<figure class=\"wp-block-image size-large has-custom-border animated fadeIn delay-4s slower undefined\"><img loading=\"lazy\" decoding=\"async\" width=\"768\" height=\"1024\" src=\"https:\/\/woodcraft-company.com\/wp-content\/uploads\/2023\/08\/363949016_669855001361298_1697732090763079085_n-768x1024.jpg\" alt=\"\" class=\"wp-image-209\" style=\"border-top-left-radius:25px;border-top-right-radius:25px;border-bottom-left-radius:25px;border-bottom-right-radius:25px\" srcset=\"https:\/\/woodcraft-company.com\/wp-content\/uploads\/2023\/08\/363949016_669855001361298_1697732090763079085_n-768x1024.jpg 768w, https:\/\/woodcraft-company.com\/wp-content\/uploads\/2023\/08\/363949016_669855001361298_1697732090763079085_n-225x300.jpg 225w, https:\/\/woodcraft-company.com\/wp-content\/uploads\/2023\/08\/363949016_669855001361298_1697732090763079085_n-1152x1536.jpg 1152w, https:\/\/woodcraft-company.com\/wp-content\/uploads\/2023\/08\/363949016_669855001361298_1697732090763079085_n.jpg 1301w\" sizes=\"auto, (max-width: 768px) 100vw, 768px\" \/><\/figure>\n<\/div>\n<\/div>\n\n\n\n<div class=\"wp-block-columns is-layout-flex wp-container-core-columns-is-layout-9d6595d7 wp-block-columns-is-layout-flex\">\n<div class=\"wp-block-column is-layout-flow wp-block-column-is-layout-flow\"><div class=\"wp-block-image animated fadeIn delay-1s slower\">\n<figure class=\"aligncenter size-large is-resized has-custom-border\"><img loading=\"lazy\" decoding=\"async\" width=\"1024\" height=\"682\" src=\"https:\/\/woodcraft-company.com\/wp-content\/uploads\/2024\/08\/Lustin-1-1024x682.jpg\" alt=\"\" class=\"wp-image-417\" style=\"border-top-left-radius:25px;border-top-right-radius:25px;border-bottom-left-radius:25px;border-bottom-right-radius:25px;width:900px\" srcset=\"https:\/\/woodcraft-company.com\/wp-content\/uploads\/2024\/08\/Lustin-1-1024x682.jpg 1024w, https:\/\/woodcraft-company.com\/wp-content\/uploads\/2024\/08\/Lustin-1-300x200.jpg 300w, https:\/\/woodcraft-company.com\/wp-content\/uploads\/2024\/08\/Lustin-1-768x512.jpg 768w, https:\/\/woodcraft-company.com\/wp-content\/uploads\/2024\/08\/Lustin-1-360x240.jpg 360w, https:\/\/woodcraft-company.com\/wp-content\/uploads\/2024\/08\/Lustin-1.jpg 1360w\" sizes=\"auto, (max-width: 1024px) 100vw, 1024px\" \/><\/figure>\n<\/div><\/div>\n<\/div>\n\n\n\n<div class=\"wp-block-columns is-layout-flex wp-container-core-columns-is-layout-9d6595d7 wp-block-columns-is-layout-flex\">\n<div class=\"wp-block-column is-layout-flow wp-block-column-is-layout-flow\"><div class=\"wp-block-image animated fadeIn delay-1s slower\">\n<figure class=\"aligncenter size-large is-resized has-custom-border\"><img loading=\"lazy\" decoding=\"async\" width=\"768\" height=\"1024\" src=\"https:\/\/woodcraft-company.com\/wp-content\/uploads\/2023\/08\/363854481_100548156482358_6625388949682256734_n-1-768x1024.jpg\" alt=\"\" class=\"wp-image-220\" style=\"border-top-left-radius:25px;border-top-right-radius:25px;border-bottom-left-radius:25px;border-bottom-right-radius:25px;width:900px\" srcset=\"https:\/\/woodcraft-company.com\/wp-content\/uploads\/2023\/08\/363854481_100548156482358_6625388949682256734_n-1-768x1024.jpg 768w, https:\/\/woodcraft-company.com\/wp-content\/uploads\/2023\/08\/363854481_100548156482358_6625388949682256734_n-1-225x300.jpg 225w, https:\/\/woodcraft-company.com\/wp-content\/uploads\/2023\/08\/363854481_100548156482358_6625388949682256734_n-1-1152x1536.jpg 1152w, https:\/\/woodcraft-company.com\/wp-content\/uploads\/2023\/08\/363854481_100548156482358_6625388949682256734_n-1.jpg 1536w\" sizes=\"auto, (max-width: 768px) 100vw, 768px\" \/><\/figure>\n<\/div><\/div>\n<\/div>\n","protected":false},"excerpt":{"rendered":"<p>La menuiserie exploratoire est une philosophie en marge du standardis\u00e9. La combinaison du savoir faire, de l&rsquo;exp\u00e9rimentation et un savant m\u00e9lange d&rsquo;audace et de curiosit\u00e9, l&rsquo;art du prototype permanent et l&rsquo;absence de limites. Des solutions hors cadre \u00e0 des probl\u00e9matiques sp\u00e9cifiques, une approche in\u00e9dite de la cr\u00e9ation du bois.<\/p>\n","protected":false},"author":1,"featured_media":0,"parent":0,"menu_order":0,"comment_status":"closed","ping_status":"closed","template":"","meta":{"neve_meta_sidebar":"","neve_meta_container":"","neve_meta_enable_content_width":"","neve_meta_content_width":0,"neve_meta_title_alignment":"","neve_meta_author_avatar":"","neve_post_elements_order":"","neve_meta_disable_header":"","neve_meta_disable_footer":"","neve_meta_disable_title":"","_themeisle_gutenberg_block_has_review":false,"footnotes":""},"class_list":["post-233","page","type-page","status-publish","hentry"],"_links":{"self":[{"href":"https:\/\/woodcraft-company.com\/index.php\/wp-json\/wp\/v2\/pages\/233","targetHints":{"allow":["GET"]}}],"collection":[{"href":"https:\/\/woodcraft-company.com\/index.php\/wp-json\/wp\/v2\/pages"}],"about":[{"href":"https:\/\/woodcraft-company.com\/index.php\/wp-json\/wp\/v2\/types\/page"}],"author":[{"embeddable":true,"href":"https:\/\/woodcraft-company.com\/index.php\/wp-json\/wp\/v2\/users\/1"}],"replies":[{"embeddable":true,"href":"https:\/\/woodcraft-company.com\/index.php\/wp-json\/wp\/v2\/comments?post=233"}],"version-history":[{"count":33,"href":"https:\/\/woodcraft-company.com\/index.php\/wp-json\/wp\/v2\/pages\/233\/revisions"}],"predecessor-version":[{"id":845,"href":"https:\/\/woodcraft-company.com\/index.php\/wp-json\/wp\/v2\/pages\/233\/revisions\/845"}],"wp:attachment":[{"href":"https:\/\/woodcraft-company.com\/index.php\/wp-json\/wp\/v2\/media?parent=233"}],"curies":[{"name":"wp","href":"https:\/\/api.w.org\/{rel}","templated":true}]}}